{"id":129,"date":"2025-11-13T21:24:25","date_gmt":"2025-11-13T21:24:25","guid":{"rendered":"https:\/\/szk.kpstudio.hu\/?page_id=129"},"modified":"2025-11-13T22:02:45","modified_gmt":"2025-11-13T22:02:45","slug":"bejelentkezes","status":"publish","type":"page","link":"https:\/\/szk.kpstudio.hu\/index.php\/bejelentkezes\/","title":{"rendered":"Bejelentkez\u00e9s"},"content":{"rendered":"<p>[et_pb_section fb_built=&#8221;1&#8243; _builder_version=&#8221;4.21.0&#8243; _module_preset=&#8221;default&#8221; background_color=&#8221;#0f2036&#8243; background_enable_pattern_style=&#8221;on&#8221; background_pattern_style=&#8221;diagonal-stripes-2&#8243; background_pattern_color=&#8221;rgba(0,0,0,0.08)&#8221; module_alignment=&#8221;center&#8221; custom_padding=&#8221;0px||||false|false&#8221; custom_css_main_element=&#8221;margin: auto||  &#8221; global_colors_info=&#8221;{}&#8221;][et_pb_row _builder_version=&#8221;4.21.0&#8243; _module_preset=&#8221;default&#8221; global_colors_info=&#8221;{}&#8221;][et_pb_column type=&#8221;4_4&#8243; _builder_version=&#8221;4.21.0&#8243; _module_preset=&#8221;default&#8221; global_colors_info=&#8221;{}&#8221;][et_pb_text _builder_version=&#8221;4.21.0&#8243; _module_preset=&#8221;default&#8221; text_font=&#8221;Public Sans|500||on|||||&#8221; text_text_color=&#8221;#FFFFFF&#8221; text_font_size=&#8221;10px&#8221; text_letter_spacing=&#8221;1px&#8221; text_line_height=&#8221;1.5em&#8221; text_orientation=&#8221;center&#8221; text_letter_spacing_tablet=&#8221;5px&#8221; text_letter_spacing_phone=&#8221;2px&#8221; text_letter_spacing_last_edited=&#8221;off|desktop&#8221; locked=&#8221;off&#8221; global_colors_info=&#8221;{}&#8221;]<\/p>\n<p>\ud83c\udded\ud83c\uddfa Az \u0150si \u00e9s Elfogadott Sk\u00f3tr\u00edtus\u00fa Magyarorsz\u00e1gi Nagyp\u00e1holy hivatalos weboldala<\/p>\n<p>[\/et_pb_text][\/et_pb_column][\/et_pb_row][et_pb_row _builder_version=&#8221;4.21.0&#8243; _module_preset=&#8221;default&#8221; max_width=&#8221;2560px&#8221; custom_css_main_element=&#8221;margin: auto;&#8221; global_colors_info=&#8221;{}&#8221;][et_pb_column type=&#8221;4_4&#8243; _builder_version=&#8221;4.21.0&#8243; _module_preset=&#8221;default&#8221; global_colors_info=&#8221;{}&#8221;][et_pb_login title=&#8221;Bejelentkez\u00e9s&#8221; _builder_version=&#8221;4.21.0&#8243; _module_preset=&#8221;default&#8221; background_color=&#8221;rgba(255,255,255,0.02)&#8221; custom_css_main_element=&#8221;backdrop-filter: blur(10px);&#8221; border_radii=&#8221;on|10px|10px|10px|10px&#8221; global_colors_info=&#8221;{}&#8221;]<\/p>\n<p>Bel\u00e9p\u00e9sre csak a nagyp\u00e1holy tagjainak van lehet\u0151s\u00e9ge.<\/p>\n<p>[\/et_pb_login][\/et_pb_column][\/et_pb_row][et_pb_row use_custom_gutter=&#8221;on&#8221; gutter_width=&#8221;2&#8243; make_equal=&#8221;on&#8221; _builder_version=&#8221;4.21.0&#8243; _module_preset=&#8221;default&#8221; max_width=&#8221;2560px&#8221; locked=&#8221;off&#8221; global_colors_info=&#8221;{}&#8221;][et_pb_column type=&#8221;4_4&#8243; _builder_version=&#8221;4.21.0&#8243; _module_preset=&#8221;default&#8221; background_color=&#8221;rgba(255,255,255,0.02)&#8221; custom_padding=&#8221;40px|40px|40px|40px|true|true&#8221; custom_css_main_element=&#8221;backdrop-filter: blur(10px);&#8221; border_radii=&#8221;on|10px|10px|10px|10px&#8221; global_colors_info=&#8221;{}&#8221;][et_pb_text _builder_version=&#8221;4.21.0&#8243; _module_preset=&#8221;default&#8221; text_text_color=&#8221;#FFFFFF&#8221; text_font_size=&#8221;16px&#8221; text_line_height=&#8221;1.6em&#8221; link_font=&#8221;EB Garamond||||||||&#8221; link_text_color=&#8221;#FFFFFF&#8221; link_font_size=&#8221;18px&#8221; link_line_height=&#8221;1.4em&#8221; header_text_color=&#8221;#FFFFFF&#8221; header_2_text_color=&#8221;#FFFFFF&#8221; header_2_font_size=&#8221;34px&#8221; header_2_letter_spacing=&#8221;-1px&#8221; header_2_line_height=&#8221;1.4em&#8221; header_3_text_color=&#8221;#000000&#8243; header_2_font_size_tablet=&#8221;34px&#8221; header_2_font_size_phone=&#8221;28px&#8221; header_2_font_size_last_edited=&#8221;on|phone&#8221; global_colors_info=&#8221;{}&#8221;]<\/p>\n<h2>Szabadk\u0151m\u0171ves szeretn\u00e9k lenni<\/h2>\n<p class=\"p1\">A legt\u00f6bben egy bar\u00e1t vagy ismer\u0151s r\u00e9v\u00e9n ker\u00fclnek kapcsolatba a szabadk\u0151m\u0171vess\u00e9ggel. Ha azonban nem ismersz szabadk\u0151m\u0171vest, de \u00e9rdekel a mozgalom szellemis\u00e9ge, b\u00e1tran \u00edrj nek\u00fcnk \u2013 sz\u00edvesen seg\u00edt\u00fcnk, hogy megismerd k\u00f6zelebbr\u0151l.<\/p>\n<p class=\"p1\"><a href=\"mailto:csatlakozas@szabadkomuves.com\">csatlakozas@szabadkomuves.com<\/a><\/p>\n<p>[\/et_pb_text][\/et_pb_column][\/et_pb_row][\/et_pb_section]<\/p>\n","protected":false},"excerpt":{"rendered":"<p>\ud83c\udded\ud83c\uddfa Az \u0150si \u00e9s Elfogadott Sk\u00f3tr\u00edtus\u00fa Magyarorsz\u00e1gi Nagyp\u00e1holy hivatalos weboldalaBel\u00e9p\u00e9sre csak a nagyp\u00e1holy tagjainak van lehet\u0151s\u00e9ge.Szabadk\u0151m\u0171ves szeretn\u00e9k lenni A legt\u00f6bben egy bar\u00e1t vagy ismer\u0151s r\u00e9v\u00e9n ker\u00fclnek kapcsolatba a szabadk\u0151m\u0171vess\u00e9ggel. Ha azonban nem ismersz szabadk\u0151m\u0171vest, de \u00e9rdekel a mozgalom szellemis\u00e9ge, b\u00e1tran \u00edrj nek\u00fcnk \u2013 sz\u00edvesen seg\u00edt\u00fcnk, hogy megismerd k\u00f6zelebbr\u0151l. csatlakozas@szabadkomuves.com<\/p>\n","protected":false},"author":1,"featured_media":0,"parent":0,"menu_order":0,"comment_status":"closed","ping_status":"closed","template":"","meta":{"_et_pb_use_builder":"on","_et_pb_old_content":"","_et_gb_content_width":"","footnotes":""},"class_list":["post-129","page","type-page","status-publish","hentry"],"_links":{"self":[{"href":"https:\/\/szk.kpstudio.hu\/index.php\/wp-json\/wp\/v2\/pages\/129","targetHints":{"allow":["GET"]}}],"collection":[{"href":"https:\/\/szk.kpstudio.hu\/index.php\/wp-json\/wp\/v2\/pages"}],"about":[{"href":"https:\/\/szk.kpstudio.hu\/index.php\/wp-json\/wp\/v2\/types\/page"}],"author":[{"embeddable":true,"href":"https:\/\/szk.kpstudio.hu\/index.php\/wp-json\/wp\/v2\/users\/1"}],"replies":[{"embeddable":true,"href":"https:\/\/szk.kpstudio.hu\/index.php\/wp-json\/wp\/v2\/comments?post=129"}],"version-history":[{"count":11,"href":"https:\/\/szk.kpstudio.hu\/index.php\/wp-json\/wp\/v2\/pages\/129\/revisions"}],"predecessor-version":[{"id":160,"href":"https:\/\/szk.kpstudio.hu\/index.php\/wp-json\/wp\/v2\/pages\/129\/revisions\/160"}],"wp:attachment":[{"href":"https:\/\/szk.kpstudio.hu\/index.php\/wp-json\/wp\/v2\/media?parent=129"}],"curies":[{"name":"wp","href":"https:\/\/api.w.org\/{rel}","templated":true}]}}