{"id":284,"date":"2026-02-09T19:25:21","date_gmt":"2026-02-09T19:25:21","guid":{"rendered":"https:\/\/szk.kpstudio.hu\/?page_id=284"},"modified":"2026-02-09T21:32:02","modified_gmt":"2026-02-09T21:32:02","slug":"magyar-szabadkomuvesek","status":"publish","type":"page","link":"https:\/\/szk.kpstudio.hu\/index.php\/magyar-szabadkomuvesek\/","title":{"rendered":"Magyar Szabadk\u0151m\u0171vesek"},"content":{"rendered":"<p>[et_pb_section fb_built=&#8221;1&#8243; _builder_version=&#8221;4.21.0&#8243; _module_preset=&#8221;default&#8221; background_color=&#8221;rgba(255,255,255,0.3)&#8221; custom_margin=&#8221;0px||0px||true|false&#8221; custom_padding=&#8221;0px||0px||true|false&#8221; sticky_position=&#8221;top&#8221; custom_css_main_element=&#8221;backdrop-filter: blur(40px);&#8221; border_color_bottom=&#8221;#000000&#8243; global_colors_info=&#8221;{}&#8221; border_width_bottom__sticky_enabled=&#8221;on|sticky&#8221; border_width_bottom__sticky=&#8221;0px&#8221; locked=&#8221;off&#8221;][et_pb_row _builder_version=&#8221;4.21.0&#8243; _module_preset=&#8221;default&#8221; global_colors_info=&#8221;{}&#8221;][et_pb_column type=&#8221;4_4&#8243; _builder_version=&#8221;4.21.0&#8243; _module_preset=&#8221;default&#8221; global_colors_info=&#8221;{}&#8221;][et_pb_menu active_link_color=&#8221;#000000&#8243; logo_height=&#8221;100px&#8221; cart_icon_color=&#8221;#000000&#8243; search_icon_color=&#8221;#000000&#8243; menu_icon_color=&#8221;#000000&#8243; _builder_version=&#8221;4.21.0&#8243; _module_preset=&#8221;default&#8221; menu_font=&#8221;|600|||||||&#8221; menu_text_color=&#8221;#000000&#8243; background_enable_color=&#8221;off&#8221; global_colors_info=&#8221;{}&#8221;][\/et_pb_menu][\/et_pb_column][\/et_pb_row][\/et_pb_section][et_pb_section fb_built=&#8221;1&#8243; _builder_version=&#8221;4.21.0&#8243; _module_preset=&#8221;default&#8221; global_colors_info=&#8221;{}&#8221;][et_pb_row _builder_version=&#8221;4.21.0&#8243; _module_preset=&#8221;default&#8221; global_colors_info=&#8221;{}&#8221;][et_pb_column type=&#8221;4_4&#8243; _builder_version=&#8221;4.21.0&#8243; _module_preset=&#8221;default&#8221; global_colors_info=&#8221;{}&#8221;][et_pb_text _builder_version=&#8221;4.21.0&#8243; _module_preset=&#8221;default&#8221; text_text_color=&#8221;#000000&#8243; text_font_size=&#8221;17px&#8221; header_font_size=&#8221;40px&#8221; locked=&#8221;off&#8221; global_colors_info=&#8221;{}&#8221;]<\/p>\n<h1>Haz\u00e1nk nagyjai voltak<\/h1>\n<p>[\/et_pb_text][\/et_pb_column][\/et_pb_row][et_pb_row column_structure=&#8221;1_3,1_3,1_3&#8243; make_equal=&#8221;on&#8221; _builder_version=&#8221;4.21.0&#8243; _module_preset=&#8221;default&#8221; locked=&#8221;off&#8221; global_colors_info=&#8221;{}&#8221;][et_pb_column type=&#8221;1_3&#8243; _builder_version=&#8221;4.21.0&#8243; _module_preset=&#8221;default&#8221; background_image=&#8221;http:\/\/szk.kpstudio.hu\/wp-content\/uploads\/2026\/02\/Andrassy_Gyula_foto.jpg&#8221; custom_padding=&#8221;400px|0px|0px|0px|false|false&#8221; global_colors_info=&#8221;{}&#8221;][et_pb_text _builder_version=&#8221;4.21.0&#8243; _module_preset=&#8221;default&#8221; text_text_color=&#8221;#FFFFFF&#8221; header_text_color=&#8221;#FFFFFF&#8221; header_6_text_color=&#8221;#FFFFFF&#8221; custom_padding=&#8221;10px|20px|10px|20px|true|true&#8221; custom_css_main_element=&#8221;backdrop-filter: blur(10px);&#8221; border_color_top=&#8221;#FFFFFF&#8221; global_colors_info=&#8221;{}&#8221;]<\/p>\n<h1 class=\"p1\"><span class=\"s1\">gr\u00f3f Andr\u00e1ssy Gyula<\/span><\/h1>\n<h6 class=\"p1\">1823\u20131890<\/h6>\n<p>[\/et_pb_text][\/et_pb_column][et_pb_column type=&#8221;1_3&#8243; _builder_version=&#8221;4.21.0&#8243; _module_preset=&#8221;default&#8221; background_image=&#8221;http:\/\/szk.kpstudio.hu\/wp-content\/uploads\/2026\/02\/Almasy_Pal.jpg&#8221; custom_padding=&#8221;400px|0px|0px|0px|false|false&#8221; global_colors_info=&#8221;{}&#8221;][et_pb_text _builder_version=&#8221;4.21.0&#8243; _module_preset=&#8221;default&#8221; text_text_color=&#8221;#FFFFFF&#8221; header_text_color=&#8221;#FFFFFF&#8221; header_6_text_color=&#8221;#FFFFFF&#8221; custom_padding=&#8221;10px|20px|10px|20px|true|true&#8221; custom_css_main_element=&#8221;backdrop-filter: blur(10px);&#8221; border_color_top=&#8221;#FFFFFF&#8221; global_colors_info=&#8221;{}&#8221;]<\/p>\n<h1 class=\"p1\"><span class=\"s1\">Alm\u00e1sy P\u00e1l<\/span><\/h1>\n<h6 class=\"p1\">1818\u20131882<\/h6>\n<p>[\/et_pb_text][\/et_pb_column][et_pb_column type=&#8221;1_3&#8243; _builder_version=&#8221;4.21.0&#8243; _module_preset=&#8221;default&#8221; background_image=&#8221;http:\/\/szk.kpstudio.hu\/wp-content\/uploads\/2026\/02\/Ady_Endre_portreja_Szekely_Aladar_felvetele.jpg&#8221; custom_padding=&#8221;400px|0px|0px|0px|false|false&#8221; global_colors_info=&#8221;{}&#8221;][et_pb_text _builder_version=&#8221;4.21.0&#8243; _module_preset=&#8221;default&#8221; text_text_color=&#8221;#FFFFFF&#8221; header_text_color=&#8221;#FFFFFF&#8221; header_6_text_color=&#8221;#FFFFFF&#8221; custom_padding=&#8221;10px|20px|10px|20px|true|true&#8221; custom_css_main_element=&#8221;backdrop-filter: blur(10px);&#8221; border_color_top=&#8221;#FFFFFF&#8221; global_colors_info=&#8221;{}&#8221;]<\/p>\n<h1 class=\"p1\"><span class=\"s1\">Ady Endre<\/span><\/h1>\n<h6 class=\"p1\">1877\u20131919<\/h6>\n<p>[\/et_pb_text][\/et_pb_column][\/et_pb_row][et_pb_row column_structure=&#8221;1_3,1_3,1_3&#8243; make_equal=&#8221;on&#8221; _builder_version=&#8221;4.21.0&#8243; _module_preset=&#8221;default&#8221; locked=&#8221;off&#8221; global_colors_info=&#8221;{}&#8221;][et_pb_column type=&#8221;1_3&#8243; _builder_version=&#8221;4.21.0&#8243; _module_preset=&#8221;default&#8221; background_image=&#8221;http:\/\/szk.kpstudio.hu\/wp-content\/uploads\/2026\/02\/960px-Balassa_Jozsef._Ferenczi_A_tudomanyos_irodalom.1913.jpg&#8221; custom_padding=&#8221;400px|0px|0px|0px|false|false&#8221; global_colors_info=&#8221;{}&#8221;][et_pb_text _builder_version=&#8221;4.21.0&#8243; _module_preset=&#8221;default&#8221; text_text_color=&#8221;#FFFFFF&#8221; header_text_color=&#8221;#FFFFFF&#8221; header_6_text_color=&#8221;#FFFFFF&#8221; custom_padding=&#8221;10px|20px|10px|20px|true|true&#8221; custom_css_main_element=&#8221;backdrop-filter: blur(10px);&#8221; border_color_top=&#8221;#FFFFFF&#8221; global_colors_info=&#8221;{}&#8221;]<\/p>\n<h1 id=\"firstHeading\" class=\"firstHeading mw-first-heading\"><span class=\"mw-page-title-main\">Balassa J\u00f3zsef<\/span><\/h1>\n<h6 class=\"p1\">1864-1945<\/h6>\n<p>[\/et_pb_text][\/et_pb_column][et_pb_column type=&#8221;1_3&#8243; _builder_version=&#8221;4.21.0&#8243; _module_preset=&#8221;default&#8221; background_image=&#8221;http:\/\/szk.kpstudio.hu\/wp-content\/uploads\/2026\/02\/Banki_Donat_portre.jpg&#8221; custom_padding=&#8221;400px|0px|0px|0px|false|false&#8221; global_colors_info=&#8221;{}&#8221;][et_pb_text _builder_version=&#8221;4.21.0&#8243; _module_preset=&#8221;default&#8221; text_text_color=&#8221;#FFFFFF&#8221; header_text_color=&#8221;#FFFFFF&#8221; header_6_text_color=&#8221;#FFFFFF&#8221; custom_padding=&#8221;10px|20px|10px|20px|true|true&#8221; custom_css_main_element=&#8221;backdrop-filter: blur(10px);&#8221; border_color_top=&#8221;#FFFFFF&#8221; global_colors_info=&#8221;{}&#8221;]<\/p>\n<h1 class=\"p1\"><span class=\"s1\">B\u00e1nki Don\u00e1t<\/span><\/h1>\n<h6 class=\"p1\">1859-1922<\/h6>\n<p>[\/et_pb_text][\/et_pb_column][et_pb_column type=&#8221;1_3&#8243; _builder_version=&#8221;4.21.0&#8243; _module_preset=&#8221;default&#8221; background_image=&#8221;http:\/\/szk.kpstudio.hu\/wp-content\/uploads\/2026\/02\/Benedek_Elek_iro.jpg&#8221; custom_padding=&#8221;400px|0px|0px|0px|false|false&#8221; global_colors_info=&#8221;{}&#8221;][et_pb_text _builder_version=&#8221;4.21.0&#8243; _module_preset=&#8221;default&#8221; text_text_color=&#8221;#FFFFFF&#8221; header_text_color=&#8221;#FFFFFF&#8221; header_6_text_color=&#8221;#FFFFFF&#8221; custom_padding=&#8221;10px|20px|10px|20px|true|true&#8221; custom_css_main_element=&#8221;backdrop-filter: blur(10px);&#8221; border_color_top=&#8221;#FFFFFF&#8221; global_colors_info=&#8221;{}&#8221;]<\/p>\n<h1 class=\"p1\"><span class=\"s1\">Benedek Elek<\/span><\/h1>\n<h6 class=\"p1\">1859-1929<\/h6>\n<p>[\/et_pb_text][\/et_pb_column][\/et_pb_row][et_pb_row column_structure=&#8221;1_3,1_3,1_3&#8243; make_equal=&#8221;on&#8221; _builder_version=&#8221;4.21.0&#8243; _module_preset=&#8221;default&#8221; locked=&#8221;off&#8221; global_colors_info=&#8221;{}&#8221;][et_pb_column type=&#8221;1_3&#8243; _builder_version=&#8221;4.21.0&#8243; _module_preset=&#8221;default&#8221; background_image=&#8221;http:\/\/szk.kpstudio.hu\/wp-content\/uploads\/2026\/02\/Ignotus.jpg&#8221; custom_padding=&#8221;400px|0px|0px|0px|false|false&#8221; global_colors_info=&#8221;{}&#8221;][et_pb_text _builder_version=&#8221;4.21.0&#8243; _module_preset=&#8221;default&#8221; text_text_color=&#8221;#FFFFFF&#8221; header_text_color=&#8221;#FFFFFF&#8221; header_6_text_color=&#8221;#FFFFFF&#8221; custom_padding=&#8221;10px|20px|10px|20px|true|true&#8221; custom_css_main_element=&#8221;backdrop-filter: blur(10px);&#8221; border_color_top=&#8221;#FFFFFF&#8221; global_colors_info=&#8221;{}&#8221;]<\/p>\n<h1 id=\"firstHeading\" class=\"firstHeading mw-first-heading\"><span class=\"mw-page-title-main\">Ignotus Hug\u00f3<\/span><\/h1>\n<h6 class=\"p1\">1869-1949<\/h6>\n<p>[\/et_pb_text][\/et_pb_column][et_pb_column type=&#8221;1_3&#8243; _builder_version=&#8221;4.21.0&#8243; _module_preset=&#8221;default&#8221; background_image=&#8221;http:\/\/szk.kpstudio.hu\/wp-content\/uploads\/2026\/02\/Kernstok_Karoly_onarckepe_1903.jpg&#8221; custom_padding=&#8221;400px|0px|0px|0px|false|false&#8221; global_colors_info=&#8221;{}&#8221;][et_pb_text _builder_version=&#8221;4.21.0&#8243; _module_preset=&#8221;default&#8221; text_text_color=&#8221;#FFFFFF&#8221; header_text_color=&#8221;#FFFFFF&#8221; header_6_text_color=&#8221;#FFFFFF&#8221; custom_padding=&#8221;10px|20px|10px|20px|true|true&#8221; custom_css_main_element=&#8221;backdrop-filter: blur(10px);&#8221; border_color_top=&#8221;#FFFFFF&#8221; global_colors_info=&#8221;{}&#8221;]<\/p>\n<h1 class=\"p1\"><span class=\"s1\">Kernstok K\u00e1roly<\/span><\/h1>\n<h6 class=\"p1\">1873-1940<\/h6>\n<p>[\/et_pb_text][\/et_pb_column][et_pb_column type=&#8221;1_3&#8243; _builder_version=&#8221;4.21.0&#8243; _module_preset=&#8221;default&#8221; background_image=&#8221;http:\/\/szk.kpstudio.hu\/wp-content\/uploads\/2026\/02\/Mechwart_Andras-001.jpg&#8221; custom_padding=&#8221;400px|0px|0px|0px|false|false&#8221; global_colors_info=&#8221;{}&#8221;][et_pb_text _builder_version=&#8221;4.21.0&#8243; _module_preset=&#8221;default&#8221; text_text_color=&#8221;#FFFFFF&#8221; header_text_color=&#8221;#FFFFFF&#8221; header_6_text_color=&#8221;#FFFFFF&#8221; custom_padding=&#8221;10px|20px|10px|20px|true|true&#8221; custom_css_main_element=&#8221;backdrop-filter: blur(10px);&#8221; border_color_top=&#8221;#FFFFFF&#8221; global_colors_info=&#8221;{}&#8221;]<\/p>\n<h1 class=\"p1\"><span class=\"s1\">Mechwart Andr\u00e1s<\/span><\/h1>\n<h6 class=\"p1\">1837-1907<\/h6>\n<p>[\/et_pb_text][\/et_pb_column][\/et_pb_row][et_pb_row column_structure=&#8221;1_3,1_3,1_3&#8243; make_equal=&#8221;on&#8221; _builder_version=&#8221;4.21.0&#8243; _module_preset=&#8221;default&#8221; locked=&#8221;off&#8221; global_colors_info=&#8221;{}&#8221;][et_pb_column type=&#8221;1_3&#8243; _builder_version=&#8221;4.21.0&#8243; _module_preset=&#8221;default&#8221; background_image=&#8221;http:\/\/szk.kpstudio.hu\/wp-content\/uploads\/2026\/02\/PM_Sandor_Wekerle.jpg&#8221; custom_padding=&#8221;400px|0px|0px|0px|false|false&#8221; global_colors_info=&#8221;{}&#8221;][et_pb_text _builder_version=&#8221;4.21.0&#8243; _module_preset=&#8221;default&#8221; text_text_color=&#8221;#FFFFFF&#8221; header_text_color=&#8221;#FFFFFF&#8221; header_6_text_color=&#8221;#FFFFFF&#8221; custom_padding=&#8221;10px|20px|10px|20px|true|true&#8221; custom_css_main_element=&#8221;backdrop-filter: blur(10px);&#8221; border_color_top=&#8221;#FFFFFF&#8221; global_colors_info=&#8221;{}&#8221;]<\/p>\n<h1 id=\"firstHeading\" class=\"firstHeading mw-first-heading\"><span class=\"mw-page-title-main\">Wekerle S\u00e1ndor<\/span><\/h1>\n<h6 class=\"p1\">1848-1921<\/h6>\n<p>[\/et_pb_text][\/et_pb_column][et_pb_column type=&#8221;1_3&#8243; _builder_version=&#8221;4.21.0&#8243; _module_preset=&#8221;default&#8221; background_image=&#8221;http:\/\/szk.kpstudio.hu\/wp-content\/uploads\/2026\/02\/Kosztolanyi_Dezso_portreja_Szekely_Aladar_1935_\u2013_crop.jpg&#8221; custom_padding=&#8221;400px|0px|0px|0px|false|false&#8221; global_colors_info=&#8221;{}&#8221;][et_pb_text _builder_version=&#8221;4.21.0&#8243; _module_preset=&#8221;default&#8221; text_text_color=&#8221;#FFFFFF&#8221; header_text_color=&#8221;#FFFFFF&#8221; header_6_text_color=&#8221;#FFFFFF&#8221; custom_padding=&#8221;10px|20px|10px|20px|true|true&#8221; custom_css_main_element=&#8221;backdrop-filter: blur(10px);&#8221; border_color_top=&#8221;#FFFFFF&#8221; global_colors_info=&#8221;{}&#8221;]<\/p>\n<h1 class=\"p1\"><span class=\"s1\">Kosztol\u00e1nyi Dezs\u0151<\/span><\/h1>\n<h6 class=\"p1\">1885-1936<\/h6>\n<p>[\/et_pb_text][\/et_pb_column][et_pb_column type=&#8221;1_3&#8243; _builder_version=&#8221;4.21.0&#8243; _module_preset=&#8221;default&#8221; background_image=&#8221;http:\/\/szk.kpstudio.hu\/wp-content\/uploads\/2026\/02\/Turr_Istvan_portreja_v1_Borsos_Jozsef_felvetele.jpg&#8221; custom_padding=&#8221;400px|0px|0px|0px|false|false&#8221; global_colors_info=&#8221;{}&#8221;][et_pb_text _builder_version=&#8221;4.21.0&#8243; _module_preset=&#8221;default&#8221; text_text_color=&#8221;#FFFFFF&#8221; header_text_color=&#8221;#FFFFFF&#8221; header_6_text_color=&#8221;#FFFFFF&#8221; background_color=&#8221;rgba(0,0,0,0.3)&#8221; custom_padding=&#8221;10px|20px|10px|20px|true|true&#8221; custom_css_main_element=&#8221;backdrop-filter: blur(10px);&#8221; border_color_top=&#8221;#FFFFFF&#8221; global_colors_info=&#8221;{}&#8221;]<\/p>\n<h1 class=\"p1\"><span class=\"s1\">T\u00fcrr Istv\u00e1n<\/span><\/h1>\n<h6 class=\"p1\">1825-1908<\/h6>\n<p>[\/et_pb_text][\/et_pb_column][\/et_pb_row][\/et_pb_section]<\/p>\n","protected":false},"excerpt":{"rendered":"<p>Haz\u00e1nk nagyjai voltakgr\u00f3f Andr\u00e1ssy Gyula 1823\u20131890Alm\u00e1sy P\u00e1l 1818\u20131882Ady Endre 1877\u20131919Balassa J\u00f3zsef 1864-1945B\u00e1nki Don\u00e1t 1859-1922Benedek Elek 1859-1929Ignotus Hug\u00f3 1869-1949Kernstok K\u00e1roly 1873-1940Mechwart Andr\u00e1s 1837-1907Wekerle S\u00e1ndor 1848-1921Kosztol\u00e1nyi Dezs\u0151 1885-1936T\u00fcrr Istv\u00e1n 1825-1908<\/p>\n","protected":false},"author":1,"featured_media":0,"parent":0,"menu_order":0,"comment_status":"closed","ping_status":"closed","template":"","meta":{"_et_pb_use_builder":"on","_et_pb_old_content":"","_et_gb_content_width":"","footnotes":""},"class_list":["post-284","page","type-page","status-publish","hentry"],"_links":{"self":[{"href":"https:\/\/szk.kpstudio.hu\/index.php\/wp-json\/wp\/v2\/pages\/284","targetHints":{"allow":["GET"]}}],"collection":[{"href":"https:\/\/szk.kpstudio.hu\/index.php\/wp-json\/wp\/v2\/pages"}],"about":[{"href":"https:\/\/szk.kpstudio.hu\/index.php\/wp-json\/wp\/v2\/types\/page"}],"author":[{"embeddable":true,"href":"https:\/\/szk.kpstudio.hu\/index.php\/wp-json\/wp\/v2\/users\/1"}],"replies":[{"embeddable":true,"href":"https:\/\/szk.kpstudio.hu\/index.php\/wp-json\/wp\/v2\/comments?post=284"}],"version-history":[{"count":6,"href":"https:\/\/szk.kpstudio.hu\/index.php\/wp-json\/wp\/v2\/pages\/284\/revisions"}],"predecessor-version":[{"id":333,"href":"https:\/\/szk.kpstudio.hu\/index.php\/wp-json\/wp\/v2\/pages\/284\/revisions\/333"}],"wp:attachment":[{"href":"https:\/\/szk.kpstudio.hu\/index.php\/wp-json\/wp\/v2\/media?parent=284"}],"curies":[{"name":"wp","href":"https:\/\/api.w.org\/{rel}","templated":true}]}}